{"id":2067,"date":"2021-10-12T02:07:01","date_gmt":"2021-10-12T00:07:01","guid":{"rendered":"https:\/\/www.allascopertadicanicatti.it\/gastronomic-itinerary\/"},"modified":"2025-03-02T20:27:26","modified_gmt":"2025-03-02T19:27:26","slug":"gastronomic-itinerary","status":"publish","type":"page","link":"https:\/\/www.allascopertadicanicatti.it\/en\/gastronomic-itinerary\/","title":{"rendered":"Gastronomic Itinerary"},"content":{"rendered":"<!--themify_builder_content-->\n<div id=\"themify_builder_content-2067\" data-postid=\"2067\" class=\"themify_builder_content themify_builder_content-2067 themify_builder tf_clear\">\n                    <div  data-parallax-bg=\"desktop\" data-css_id=\"ovwg135\" data-lazy=\"1\" class=\"module_row themify_builder_row fullwidth tb_ovwg135 tb_first tf_w\">\n            <span  class=\"builder_row_cover tf_abs\" data-lazy=\"1\"><\/span>            <div class=\"row_inner col_align_top tb_col_count_1 tf_box tf_rel\">\n                        <div  data-lazy=\"1\" class=\"module_column tb-column col-full tb_8815139 first\">\n                    <!-- module video -->\n<div  class=\"module module-video tb_d0ax398 video-top  video-autoplay\" data-lazy=\"1\">\n                    <div class=\"video-wrap-outer\" style=\"max-width:100%\">\n            <div class=\"video-wrap tf_rel tf_overflow tf_local_video\">\n                \n                    \n                    <div style=\"width: 640px;\" class=\"wp-video\"><!--[if lt IE 9]><script>document.createElement('video');<\/script><![endif]-->\n<video class=\"wp-video-shortcode\" id=\"video-2067-1\" width=\"640\" height=\"360\" autoplay preload=\"metadata\" controls=\"controls\"><source type=\"video\/mp4\" src=\"https:\/\/allascopertadicanicatti.it\/video\/gastronomia.mp4?_=1\" \/><a href=\"https:\/\/allascopertadicanicatti.it\/video\/gastronomia.mp4\">https:\/\/allascopertadicanicatti.it\/video\/gastronomia.mp4<\/a><\/video><\/div>\n                    \n                                <\/div>\n            <!-- \/video-wrap -->\n        <\/div>\n        <!-- \/video-wrap-outer -->\n            <\/div>\n        <\/div>\n                        <\/div>\n        <\/div>\n                        <div  data-lazy=\"1\" class=\"module_row themify_builder_row tb_3cjj125 tf_w\">\n                        <div class=\"row_inner col_align_top tb_col_count_1 tf_box tf_rel\">\n                        <div  data-lazy=\"1\" class=\"module_column tb-column col-full tb_qfc3125 first\">\n                    <!-- module text -->\n<div  class=\"module module-text tb_f2av125   \" data-lazy=\"1\">\n        <div  class=\"tb_text_wrap\">\n        <p style=\"text-align: left;\">Canicattinese gastronomy is based on the foundations of Sicilian regional gastronomy, which hark back to various traditions present in the Mediterranean. These same traditions have provided raw materials and specific preparations for the main dishes still in use in Canicatt\u00ec. Canicattinese cuisine substantially reflects Sicilian cuisine and, although Canicatt\u00ec is not exactly on the sea, it also gives great importance to fish-based dishes. Like pasta with sardines, spaghetti seasoned with tomato sauce, sardines, wild fennel, raisins and pine nuts.   <\/p>\n<p style=\"text-align: left;\">There are peculiar gastronomic uses and customs that unfortunately are being lost over time, in the name of a culinary globalization that scales down the great richness of traditional dishes. Among the typical preparations we note, pasta mazzarelli and pisedda, maglia cu lo macco, falsomagro, pastune, frascatola, orange salad, mustards, Cutugna and Pira Cu lu vino cotto, Cavatuna, fried Ficu siccu, cannillera. It is possible to taste some of these typical dishes of Canicattinese cuisine in the following restaurants and agritourisms:  <\/p>\n<ul>\n<li style=\"text-align: left;\">Monica restaurant pizzeria, via Monsignor Angelo Ficarra, 65<\/li>\n<li style=\"text-align: left;\">Throat, via Torino, 81<\/li>\n<li style=\"text-align: left;\">Zam\u00f9 Restaurant, Victory Avenue, 208<\/li>\n<li style=\"text-align: left;\">Caf\u00e8 Time in La Torre, via Monsignor Ficarra 8, 10<\/li>\n<li style=\"text-align: left;\">Monks&#8217; Court, Contrada Cannarozzo<\/li>\n<li style=\"text-align: left;\">The Abbey, via Macaluso 30<\/li>\n<li style=\"text-align: left;\">Passion fruit, Fabrizio district<\/li>\n<li style=\"text-align: left;\">Casale Firriato, Contrada Casalotti<\/li>\n<li style=\"text-align: left;\">Food, Via Cesare Battisti, 33<\/li>\n<li style=\"text-align: left;\">Bordonaro Villa, Carlino District<\/li>\n<\/ul>    <\/div>\n<\/div>\n<!-- \/module text -->        <\/div>\n                        <\/div>\n        <\/div>\n        <\/div>\n<!--\/themify_builder_content-->","protected":false},"excerpt":{"rendered":"<p>La Riserva Naturale di Monte Conca \u00e8 ampia circa 245 ettari e ricade sui territori di Milena e di Campofranco. Tale riserva \u00e8 stata istituita nel 1995 dalla Regione Siciliana ed \u00e8 stata affidata in gestione ad una associazione ambientalista, il Club Alpino Italiano, che ne cura la sorveglianza, la fruizione, la valorizzazione e la [&hellip;]<\/p>\n","protected":false},"author":1,"featured_media":0,"parent":0,"menu_order":0,"comment_status":"closed","ping_status":"closed","template":"","meta":{"footnotes":""},"class_list":["post-2067","page","type-page","status-publish","hentry","has-post-title","has-post-date","has-post-category","has-post-tag","has-post-comment","has-post-author",""],"builder_content":"[embed]https:\/\/allascopertadicanicatti.it\/video\/gastronomia.mp4[\/embed]\n<p style=\"text-align: left;\">Canicattinese gastronomy is based on the foundations of Sicilian regional gastronomy, which hark back to various traditions present in the Mediterranean. These same traditions have provided raw materials and specific preparations for the main dishes still in use in Canicatt\u00ec. Canicattinese cuisine substantially reflects Sicilian cuisine and, although Canicatt\u00ec is not exactly on the sea, it also gives great importance to fish-based dishes. Like pasta with sardines, spaghetti seasoned with tomato sauce, sardines, wild fennel, raisins and pine nuts. <\/p> <p style=\"text-align: left;\">There are peculiar gastronomic uses and customs that unfortunately are being lost over time, in the name of a culinary globalization that scales down the great richness of traditional dishes. Among the typical preparations we note, pasta mazzarelli and pisedda, maglia cu lo macco, falsomagro, pastune, frascatola, orange salad, mustards, Cutugna and Pira Cu lu vino cotto, Cavatuna, fried Ficu siccu, cannillera. It is possible to taste some of these typical dishes of Canicattinese cuisine in the following restaurants and agritourisms: <\/p> <ul> <li style=\"text-align: left;\">Monica restaurant pizzeria, via Monsignor Angelo Ficarra, 65<\/li> <li style=\"text-align: left;\">Throat, via Torino, 81<\/li> <li style=\"text-align: left;\">Zam\u00f9 Restaurant, Victory Avenue, 208<\/li> <li style=\"text-align: left;\">Caf\u00e8 Time in La Torre, via Monsignor Ficarra 8, 10<\/li> <li style=\"text-align: left;\">Monks' Court, Contrada Cannarozzo<\/li> <li style=\"text-align: left;\">The Abbey, via Macaluso 30<\/li> <li style=\"text-align: left;\">Passion fruit, Fabrizio district<\/li> <li style=\"text-align: left;\">Casale Firriato, Contrada Casalotti<\/li> <li style=\"text-align: left;\">Food, Via Cesare Battisti, 33<\/li> <li style=\"text-align: left;\">Bordonaro Villa, Carlino District<\/li> <\/ul>","_links":{"self":[{"href":"https:\/\/www.allascopertadicanicatti.it\/en\/wp-json\/wp\/v2\/pages\/2067","targetHints":{"allow":["GET"]}}],"collection":[{"href":"https:\/\/www.allascopertadicanicatti.it\/en\/wp-json\/wp\/v2\/pages"}],"about":[{"href":"https:\/\/www.allascopertadicanicatti.it\/en\/wp-json\/wp\/v2\/types\/page"}],"author":[{"embeddable":true,"href":"https:\/\/www.allascopertadicanicatti.it\/en\/wp-json\/wp\/v2\/users\/1"}],"replies":[{"embeddable":true,"href":"https:\/\/www.allascopertadicanicatti.it\/en\/wp-json\/wp\/v2\/comments?post=2067"}],"version-history":[{"count":1,"href":"https:\/\/www.allascopertadicanicatti.it\/en\/wp-json\/wp\/v2\/pages\/2067\/revisions"}],"predecessor-version":[{"id":2069,"href":"https:\/\/www.allascopertadicanicatti.it\/en\/wp-json\/wp\/v2\/pages\/2067\/revisions\/2069"}],"wp:attachment":[{"href":"https:\/\/www.allascopertadicanicatti.it\/en\/wp-json\/wp\/v2\/media?parent=2067"}],"curies":[{"name":"wp","href":"https:\/\/api.w.org\/{rel}","templated":true}]}}